{"id":6956,"date":"2025-11-21T13:01:16","date_gmt":"2025-11-21T18:01:16","guid":{"rendered":"https:\/\/www.acluofnorthcarolina.org\/287g\/"},"modified":"2025-12-15T13:51:58","modified_gmt":"2025-12-15T18:51:58","slug":"287g","status":"publish","type":"page","link":"https:\/\/www.acluofnorthcarolina.org\/es\/287g\/","title":{"rendered":"Acuerdos 287(g) en Carolina del Norte"},"content":{"rendered":"","protected":false},"excerpt":{"rendered":"<p>Un acuerdo 287(g) les da a las fuerzas policiales locales el poder de ejecutar la ley migratoria federal - algo que normalmente no puede hacer. Estos acuerdos convierten a los oficiales locales en agentes del Servicio de Inmigraci\u00f3n y Control de Aduanas (ICE, por sus siglas en ingl\u00e9s), lo que provoca las deportaciones, la caracterizaci\u00f3n...<\/p>\n","protected":false},"author":11,"featured_media":0,"parent":0,"menu_order":0,"comment_status":"closed","ping_status":"closed","template":"","meta":{"_acf_changed":false,"_relevanssi_hide_post":"","_relevanssi_hide_content":"","_relevanssi_pin_for_all":"","_relevanssi_pin_keywords":"","_relevanssi_unpin_keywords":"","_relevanssi_related_keywords":"","_relevanssi_related_include_ids":"","_relevanssi_related_exclude_ids":"","_relevanssi_related_no_append":"","_relevanssi_related_not_related":"","_relevanssi_related_posts":"","_relevanssi_noindex_reason":"","footnotes":""},"class_list":["post-6956","page","type-page","status-publish","hentry"],"acf":{"layout":"jumplinks","header-group":{"header-description":"Un acuerdo 287(g) les da a las fuerzas policiales locales el poder de ejecutar la ley migratoria federal - algo que normalmente no puede hacer. Estos acuerdos convierten a los oficiales locales en agentes del Servicio de Inmigraci\u00f3n y Control de Aduanas (ICE, por sus siglas en ingl\u00e9s), lo que provoca las deportaciones, la caracterizaci\u00f3n racial y el miedo en las comunidades migrantes.","show-subnav":false,"hide-from-subnav":false},"components":null,"section":[{"title":"Rastreador: Acuerdos 287(g) en Carolina del Norte","components":[{"acf_fc_layout":"infogram","infogram":{"oembed-url":"https:\/\/infogram.com\/1pg32glp0e5jm5t9z7nl5gmx7zc2m61p97"}},{"acf_fc_layout":"text","text":{"text":"\u00daltima actualizaci\u00f3n: 12\/10\/2025"}}]},{"title":"\u00bfQu\u00e9 es un acuerdo 287(g)?","components":[{"acf_fc_layout":"text","text":{"text":"La <a href=\"https:\/\/www.law.cornell.edu\/wex\/illegal_immigration_reform_and_immigration_responsibility_act\">Ley de Reforma a la Inmigraci\u00f3n Ilegal y de Responsabilidad del Inmigrante<\/a> de 1996 agreg\u00f3 la secci\u00f3n 287(g) a la <a href=\"https:\/\/www.uscis.gov\/laws-and-policy\/legislation\/immigration-and-nationality-act\">Ley de Inmigraci\u00f3n y Nacionalidad<\/a>. Un acuerdo 287(g) le otorga a la polic\u00eda local el poder de ejecutar la ley federal migratoria - algo que normalmente no puede hacer. Estos acuerdos convierten a los oficiales locales en agentes del Servicio de Inmigraci\u00f3n y Control de Aduanas (ICE, por sus siglas en ingl\u00e9s), lo que provoca las deportaciones, la caracterizaci\u00f3n racial y el miedo en las comunidades migrantes.\r\n\r\nLos recursos de las fuerzas policiales locales se ocupan de mejor manera al invertir en programas que realmente mantengan a nuestras comunidades seguras - no impulsando los planes de la administraci\u00f3n de Trump para deportar inmigrantes que contribuyen a nuestras comunidades y a nuestra econom\u00eda.\r\n\r\nUn acuerdo 287(g) es completamente voluntario - la polic\u00eda local no tiene ninguna obligaci\u00f3n de participar en el programa o de ejecutar la ley migratoria. Al firmar un acuerdo, la agencia de polic\u00eda efectivamente est\u00e1 declarando su apoyo a un r\u00e9gimen cruel dedicado a la aplicaci\u00f3n de leyes federales migratorias."}}]},{"title":"\u00bfC\u00f3mo empiezan estos acuerdos?","components":[{"acf_fc_layout":"text","text":{"text":"El programa 287(g) les permite a los municipios, los condados y las agencias estatales policiales firmar un acuerdo con el Servicio de Inmigraci\u00f3n y Control de Aduanas (ICE). Este tipo de acuerdo especifica cu\u00e1les poderes de ejecuci\u00f3n de leyes migratorias son delegados a la agencia local."}}]},{"title":"\u00bfQu\u00e9 tipos de acuerdos 287(g) existen?","components":[{"acf_fc_layout":"text","text":{"text":"Hay tres tipos de acuerdos 287(g): el Modelo de ejecuci\u00f3n en las c\u00e1rceles, el Modelo del funcionario de servicio para \u00f3rdenes judiciales, y el Modelo del grupo operativo.\r\n\r\n<strong>Modelo del funcionario de servicio para \u00f3rdenes judiciales (poderes limitados)<\/strong>\r\nEste tipo de acuerdo le permite a ICE capacitar, certificar y autorizar a agentes locales de la polic\u00eda para servir y ejecutar \u00f3rdenes judiciales administrativas sobre la inmigraci\u00f3n a gente que ya est\u00e1 bajo custodia en la c\u00e1rcel de su agencia. El gobierno federal cre\u00f3 esta versi\u00f3n del acuerdo en el 2019 y a veces se le llama \u201c287(g)-lite\u201d porque ha requerido menos entrenamiento y ha delegado menos responsabilidades a la polic\u00eda local.\r\n\r\n<strong>Modelo de ejecuci\u00f3n en las c\u00e1rceles (m\u00e1s poder, solo las c\u00e1rceles)<\/strong>\r\nBajo este modelo, ICE delega ciertas autoridades migratorias a las agencias policiales estatales y locales para identificar a inmigrantes en custodia estatal y local y posicionarlos en procedimientos de inmigraci\u00f3n. Los funcionarios penitenciarios en las c\u00e1rceles locales, bajo la supervisi\u00f3n de ICE, son apoderados por el gobierno federal para sustituirlo e interrogar a personas en su custodia sobre su estado migratorio y canalizarlos a la v\u00eda directa de la deportaci\u00f3n.\r\n\r\nLos acuerdos 287(g) de ejecuci\u00f3n en las c\u00e1rceles ponen a la ejecuci\u00f3n de leyes migratorias en el centro de las c\u00e1rceles locales, delegando a los funcionarios penitenciarios tareas para las cuales est\u00e1n mal preparados, y aumentando la probabilidad de errores y abusos. Estos acuerdos normalmente son acompa\u00f1ados por contratos para alquilar espacio en la c\u00e1rcel y detener a migrantes en procedimientos de remoci\u00f3n o que esperan ser deportados, lo que les permite a los condados aprovecharse monetariamente de la crueldad presente en la detenci\u00f3n de migrantes.\r\n\r\n<strong>Modelo de grupo operativo (el mayor poder)<\/strong>\r\nICE describe este tipo de acuerdo como \u201cun multiplicador de la fuerza\u201d que les permite a las agencias policiales estatales y locales hacer arrestos migratorios durante las actividades policiales de rutina. Este modelo, la forma m\u00e1s amplia y profunda de la complicidad con ICE, esencialmente vuelve a los agentes de la polic\u00eda en agentes de ICE.\r\n\r\nEl modelo de grupo operativo 287(g) fue descontinuado bajo el Presidente Obama despu\u00e9s de <a href=\"https:\/\/www.aclu.org\/publications\/license-abuse-how-ices-287g-program-empowers-racist-sheriffs\">abusos extendidos y documentados ante los derechos civiles <\/a>asociados con el programa, incluida la caracterizaci\u00f3n racial. ICE resucit\u00f3 el modelo este a\u00f1o.\r\n\r\n&nbsp;"}}]},{"title":"Los acuerdos 287(g) son da\u00f1inos - esta es la raz\u00f3n","components":[{"acf_fc_layout":"text","text":{"text":"<ul>\r\n \t<li>Convierten incluso las interacciones m\u00e1s peque\u00f1as con la polic\u00eda local en situaciones que pueden cambiar la vida: la detenci\u00f3n, la deportaci\u00f3n y la separaci\u00f3n de familias.<\/li>\r\n \t<li>Promueven la caracterizaci\u00f3n racial.<\/li>\r\n \t<li>Reasignan d\u00f3lares de impuestos locales de la seguridad comunitaria hacia deportaciones masivas.<\/li>\r\n \t<li>Crean riesgos legales y responsabilidad para nuestros pueblos. Los acuerdos 287(g) exponen los pueblos a demandas cuando se vulneran los derechos, especialmente cuando los agentes locales, sin entrenamiento adecuado, tratan de ejecutar leyes migratorias complejas.<\/li>\r\n \t<li>Erosionan la confianza p\u00fablica en las fuerzas policiales. Cuando la gente teme que contactar a la polic\u00eda puede resultar en consecuencias migratorias, dudan en reportar cr\u00edmenes, buscar ayuda o apoyar investigaciones.<\/li>\r\n \t<li>Debilitan la seguridad comunitaria en general. Cuando la gente tiene mucho miedo de llamar a pedir ayuda o cooperar con la polic\u00eda, los cr\u00edmenes permanecen sin reportar o sin resolver\u2013resultando en que nuestras comunidades sean menos seguras.<\/li>\r\n<\/ul>\r\nSi el gobierno puede usar su poder en contra de un grupo el d\u00eda de hoy, es inevitable la expansi\u00f3n de esos abusos. Los ataques en contra de las libertades civiles casi nunca permanecen confinados a una poblaci\u00f3n por mucho tiempo."}}]},{"title":"Me encuentro en una jurisdicci\u00f3n 287(g), \u00bfqu\u00e9 debo hacer?","components":[{"acf_fc_layout":"text","text":{"text":"Todas las personas en los Estados Unidos, sin importar su estatus de ciudadan\u00eda o inmigraci\u00f3n, tienen derechos garantizados bajo la Constituci\u00f3n. Lea nuestros materiales: <a href=\"https:\/\/www.acluofnorthcarolina.org\/know-your-rights\/kyr-ir\/\">Conozca sus derechos<\/a> para ayudarle a protegerse usted mismo y proteger a sus seres queridos."}}]}],"issues":[3612],"related_content":[7300],"documents":null},"yoast_head":"<!-- This site is optimized with the Yoast SEO plugin v24.9 - https:\/\/yoast.com\/wordpress\/plugins\/seo\/ -->\n<title>Acuerdos 287(g) en Carolina del Norte - ACLU of North Carolina<\/title>\n<meta name=\"robots\" content=\"index, follow, max-snippet:-1, max-image-preview:large, max-video-preview:-1\" \/>\n<link rel=\"canonical\" href=\"http:\/\/www.acluofnorthcarolina.org\/es\/287g\/\" \/>\n<meta property=\"og:locale\" content=\"es_ES\" \/>\n<meta property=\"og:type\" content=\"article\" \/>\n<meta property=\"og:title\" content=\"Acuerdos 287(g) en Carolina del Norte - ACLU of North Carolina\" \/>\n<meta property=\"og:description\" content=\"Un acuerdo 287(g) les da a las fuerzas policiales locales el poder de ejecutar la ley migratoria federal - algo que normalmente no puede hacer. Estos acuerdos convierten a los oficiales locales en agentes del Servicio de Inmigraci\u00f3n y Control de Aduanas (ICE, por sus siglas en ingl\u00e9s), lo que provoca las deportaciones, la caracterizaci\u00f3n...\" \/>\n<meta property=\"og:url\" content=\"https:\/\/www.acluofnorthcarolina.org\/es\/287g\/\" \/>\n<meta property=\"og:site_name\" content=\"ACLU of North Carolina\" \/>\n<meta property=\"article:modified_time\" content=\"2025-12-15T18:51:58+00:00\" \/>\n<meta property=\"og:image\" content=\"https:\/\/www.acluofnorthcarolina.org\/app\/themes\/aclu-parent\/img\/default_fb_share.jpg\" \/>\n<meta name=\"twitter:card\" content=\"summary_large_image\" \/>\n<script type=\"application\/ld+json\" class=\"yoast-schema-graph\">{\"@context\":\"https:\/\/schema.org\",\"@graph\":[{\"@type\":\"WebPage\",\"@id\":\"http:\/\/www.acluofnorthcarolina.org\/es\/287g\/\",\"url\":\"http:\/\/www.acluofnorthcarolina.org\/es\/287g\/\",\"name\":\"Acuerdos 287(g) en Carolina del Norte - ACLU of North Carolina\",\"isPartOf\":{\"@id\":\"https:\/\/www.acluofnorthcarolina.org\/#website\"},\"datePublished\":\"2025-11-21T18:01:16+00:00\",\"dateModified\":\"2025-12-15T18:51:58+00:00\",\"inLanguage\":\"es-ES\",\"potentialAction\":[{\"@type\":\"ReadAction\",\"target\":[\"http:\/\/www.acluofnorthcarolina.org\/es\/287g\/\"]}]},{\"@type\":\"WebSite\",\"@id\":\"https:\/\/www.acluofnorthcarolina.org\/#website\",\"url\":\"https:\/\/www.acluofnorthcarolina.org\/\",\"name\":\"ACLU of North Carolina\",\"description\":\"\",\"publisher\":{\"@id\":\"https:\/\/www.acluofnorthcarolina.org\/#organization\"},\"potentialAction\":[{\"@type\":\"SearchAction\",\"target\":{\"@type\":\"EntryPoint\",\"urlTemplate\":\"https:\/\/www.acluofnorthcarolina.org\/?s={search_term_string}\"},\"query-input\":{\"@type\":\"PropertyValueSpecification\",\"valueRequired\":true,\"valueName\":\"search_term_string\"}}],\"inLanguage\":\"es-ES\"},{\"@type\":\"Organization\",\"@id\":\"https:\/\/www.acluofnorthcarolina.org\/#organization\",\"name\":\"ACLU of North Carolina\",\"url\":\"https:\/\/www.acluofnorthcarolina.org\/\",\"logo\":{\"@type\":\"ImageObject\",\"inLanguage\":\"es-ES\",\"@id\":\"https:\/\/www.acluofnorthcarolina.org\/#\/schema\/logo\/image\/\",\"url\":\"https:\/\/www.acluofnorthcarolina.org\/app\/uploads\/2025\/08\/ACLU-NorthCarolina_Color-Logo_RGB.png\",\"contentUrl\":\"https:\/\/www.acluofnorthcarolina.org\/app\/uploads\/2025\/08\/ACLU-NorthCarolina_Color-Logo_RGB.png\",\"width\":1061,\"height\":575,\"caption\":\"ACLU of North Carolina\"},\"image\":{\"@id\":\"https:\/\/www.acluofnorthcarolina.org\/#\/schema\/logo\/image\/\"}}]}<\/script>\n<!-- \/ Yoast SEO plugin. -->","yoast_head_json":{"title":"Acuerdos 287(g) en Carolina del Norte - ACLU of North Carolina","robots":{"index":"index","follow":"follow","max-snippet":"max-snippet:-1","max-image-preview":"max-image-preview:large","max-video-preview":"max-video-preview:-1"},"canonical":"http:\/\/www.acluofnorthcarolina.org\/es\/287g\/","og_locale":"es_ES","og_type":"article","og_title":"Acuerdos 287(g) en Carolina del Norte - ACLU of North Carolina","og_description":"Un acuerdo 287(g) les da a las fuerzas policiales locales el poder de ejecutar la ley migratoria federal - algo que normalmente no puede hacer. Estos acuerdos convierten a los oficiales locales en agentes del Servicio de Inmigraci\u00f3n y Control de Aduanas (ICE, por sus siglas en ingl\u00e9s), lo que provoca las deportaciones, la caracterizaci\u00f3n...","og_url":"https:\/\/www.acluofnorthcarolina.org\/es\/287g\/","og_site_name":"ACLU of North Carolina","article_modified_time":"2025-12-15T18:51:58+00:00","og_image":[{"url":"https:\/\/www.acluofnorthcarolina.org\/app\/themes\/aclu-parent\/img\/default_fb_share.jpg","type":"","width":"","height":""}],"twitter_card":"summary_large_image","schema":{"@context":"https:\/\/schema.org","@graph":[{"@type":"WebPage","@id":"http:\/\/www.acluofnorthcarolina.org\/es\/287g\/","url":"http:\/\/www.acluofnorthcarolina.org\/es\/287g\/","name":"Acuerdos 287(g) en Carolina del Norte - ACLU of North Carolina","isPartOf":{"@id":"https:\/\/www.acluofnorthcarolina.org\/#website"},"datePublished":"2025-11-21T18:01:16+00:00","dateModified":"2025-12-15T18:51:58+00:00","inLanguage":"es-ES","potentialAction":[{"@type":"ReadAction","target":["http:\/\/www.acluofnorthcarolina.org\/es\/287g\/"]}]},{"@type":"WebSite","@id":"https:\/\/www.acluofnorthcarolina.org\/#website","url":"https:\/\/www.acluofnorthcarolina.org\/","name":"ACLU of North Carolina","description":"","publisher":{"@id":"https:\/\/www.acluofnorthcarolina.org\/#organization"},"potentialAction":[{"@type":"SearchAction","target":{"@type":"EntryPoint","urlTemplate":"https:\/\/www.acluofnorthcarolina.org\/?s={search_term_string}"},"query-input":{"@type":"PropertyValueSpecification","valueRequired":true,"valueName":"search_term_string"}}],"inLanguage":"es-ES"},{"@type":"Organization","@id":"https:\/\/www.acluofnorthcarolina.org\/#organization","name":"ACLU of North Carolina","url":"https:\/\/www.acluofnorthcarolina.org\/","logo":{"@type":"ImageObject","inLanguage":"es-ES","@id":"https:\/\/www.acluofnorthcarolina.org\/#\/schema\/logo\/image\/","url":"https:\/\/www.acluofnorthcarolina.org\/app\/uploads\/2025\/08\/ACLU-NorthCarolina_Color-Logo_RGB.png","contentUrl":"https:\/\/www.acluofnorthcarolina.org\/app\/uploads\/2025\/08\/ACLU-NorthCarolina_Color-Logo_RGB.png","width":1061,"height":575,"caption":"ACLU of North Carolina"},"image":{"@id":"https:\/\/www.acluofnorthcarolina.org\/#\/schema\/logo\/image\/"}}]}},"distributor_meta":false,"distributor_terms":false,"distributor_media":false,"distributor_original_site_name":"ACLU of North Carolina","distributor_original_site_url":"https:\/\/www.acluofnorthcarolina.org\/es\/","push-errors":false,"_links":{"self":[{"href":"https:\/\/www.acluofnorthcarolina.org\/es\/wp-json\/wp\/v2\/pages\/6956","targetHints":{"allow":["GET"]}}],"collection":[{"href":"https:\/\/www.acluofnorthcarolina.org\/es\/wp-json\/wp\/v2\/pages"}],"about":[{"href":"https:\/\/www.acluofnorthcarolina.org\/es\/wp-json\/wp\/v2\/types\/page"}],"author":[{"embeddable":true,"href":"https:\/\/www.acluofnorthcarolina.org\/es\/wp-json\/wp\/v2\/users\/11"}],"replies":[{"embeddable":true,"href":"https:\/\/www.acluofnorthcarolina.org\/es\/wp-json\/wp\/v2\/comments?post=6956"}],"version-history":[{"count":3,"href":"https:\/\/www.acluofnorthcarolina.org\/es\/wp-json\/wp\/v2\/pages\/6956\/revisions"}],"predecessor-version":[{"id":6960,"href":"https:\/\/www.acluofnorthcarolina.org\/es\/wp-json\/wp\/v2\/pages\/6956\/revisions\/6960"}],"acf:post":[{"embeddable":true,"href":"https:\/\/www.acluofnorthcarolina.org\/es\/wp-json\/wp\/v2\/publication\/7300"},{"embeddable":true,"href":"https:\/\/www.acluofnorthcarolina.org\/es\/wp-json\/wp\/v2\/issue\/3612"}],"wp:attachment":[{"href":"https:\/\/www.acluofnorthcarolina.org\/es\/wp-json\/wp\/v2\/media?parent=6956"}],"curies":[{"name":"wp","href":"https:\/\/api.w.org\/{rel}","templated":true}]}}