{"id":6970,"date":"2024-12-05T15:45:00","date_gmt":"2024-12-05T20:45:00","guid":{"rendered":"https:\/\/www.acluofnorthcarolina.org\/carta-de-demanda-del-condado-de-cleveland\/"},"modified":"2024-12-05T15:45:00","modified_gmt":"2024-12-05T20:45:00","slug":"carta-de-demanda-del-condado-de-cleveland","status":"publish","type":"page","link":"https:\/\/www.acluofnorthcarolina.org\/es\/carta-de-demanda-del-condado-de-cleveland\/","title":{"rendered":"Carta de demanda del condado de Cleveland"},"content":{"rendered":"<p>Una escuela del condado de Cleveland prohibi\u00f3 a un grupo de estudiantes jugar a un juego de preguntas y respuestas de tem\u00e1tica LGBTQ, por considerar que la actividad era \"delicada\", aunque ninguna informaci\u00f3n fuera inapropiada.&nbsp;<\/p>\n<p>Sostenemos que sus acciones violan la Primera Enmienda y la Ley de Igualdad de Acceso. Enviamos una carta al consejo escolar del condado de Cleveland exigiendo que permitieran la actividad.&nbsp;<\/p>\n<p>Todos los estudiantes merecen el derecho a expresarse y a compartir su voz, libres de discriminaci\u00f3n o censura.<\/p>\n","protected":false},"excerpt":{"rendered":"<p>Una escuela del condado de Cleveland prohibi\u00f3 a un grupo de estudiantes jugar a un juego de preguntas y respuestas de tem\u00e1tica LGBTQ, por considerar que la actividad era \"delicada\", aunque ninguna informaci\u00f3n fuera inapropiada.&nbsp; Sostenemos que sus acciones violan la Primera Enmienda y la Ley de Igualdad de Acceso. Enviamos una carta al consejo [&hellip;]<\/p>\n","protected":false},"author":9,"featured_media":0,"parent":0,"menu_order":0,"comment_status":"closed","ping_status":"closed","template":"","meta":{"_acf_changed":false,"_relevanssi_hide_post":"","_relevanssi_hide_content":"","_relevanssi_pin_for_all":"","_relevanssi_pin_keywords":"","_relevanssi_unpin_keywords":"","_relevanssi_related_keywords":"","_relevanssi_related_include_ids":"","_relevanssi_related_exclude_ids":"","_relevanssi_related_no_append":"","_relevanssi_related_not_related":"","_relevanssi_related_posts":"","_relevanssi_noindex_reason":"","footnotes":""},"class_list":["post-6970","page","type-page","status-publish","hentry"],"acf":{"layout":"default","header-group":{"header-description":"","show-subnav":false,"hide-from-subnav":false},"components":[{"acf_fc_layout":"text","text":{"text":"Una escuela del condado de Cleveland prohibi\u00f3 a un grupo de estudiantes jugar a un juego de preguntas y respuestas de tem\u00e1tica LGBTQ, por considerar que la actividad era \"delicada\", aunque ninguna informaci\u00f3n fuera inapropiada.  \n\nSostenemos que sus acciones violan la Primera Enmienda y la Ley de Igualdad de Acceso. Enviamos una carta al consejo escolar del condado de Cleveland exigiendo que permitieran la actividad.  \n\nTodos los estudiantes merecen el derecho a expresarse y a compartir su voz, libres de discriminaci\u00f3n o censura."}}],"section":null,"issues":[3610,3613,3634],"related_content":[4903],"documents":[{"name":"Carta de demanda del condado de Cleveland","file":2169}]},"yoast_head":"<!-- This site is optimized with the Yoast SEO plugin v24.9 - https:\/\/yoast.com\/wordpress\/plugins\/seo\/ -->\n<title>Carta de demanda del condado de Cleveland - ACLU of North Carolina<\/title>\n<meta name=\"robots\" content=\"index, follow, max-snippet:-1, max-image-preview:large, max-video-preview:-1\" \/>\n<link rel=\"canonical\" href=\"http:\/\/www.acluofnorthcarolina.org\/es\/carta-de-demanda-del-condado-de-cleveland\/\" \/>\n<meta property=\"og:locale\" content=\"es_ES\" \/>\n<meta property=\"og:type\" content=\"article\" \/>\n<meta property=\"og:title\" content=\"Carta de demanda del condado de Cleveland - ACLU of North Carolina\" \/>\n<meta property=\"og:description\" content=\"Una escuela del condado de Cleveland prohibi\u00f3 a un grupo de estudiantes jugar a un juego de preguntas y respuestas de tem\u00e1tica LGBTQ, por considerar que la actividad era &quot;delicada&quot;, aunque ninguna informaci\u00f3n fuera inapropiada.&nbsp; Sostenemos que sus acciones violan la Primera Enmienda y la Ley de Igualdad de Acceso. Enviamos una carta al consejo [&hellip;]\" \/>\n<meta property=\"og:url\" content=\"https:\/\/www.acluofnorthcarolina.org\/es\/carta-de-demanda-del-condado-de-cleveland\/\" \/>\n<meta property=\"og:site_name\" content=\"ACLU of North Carolina\" \/>\n<meta property=\"og:image\" content=\"https:\/\/www.acluofnorthcarolina.org\/app\/themes\/aclu-parent\/img\/default_fb_share.jpg\" \/>\n<meta name=\"twitter:card\" content=\"summary_large_image\" \/>\n<script type=\"application\/ld+json\" class=\"yoast-schema-graph\">{\"@context\":\"https:\/\/schema.org\",\"@graph\":[{\"@type\":\"WebPage\",\"@id\":\"http:\/\/www.acluofnorthcarolina.org\/es\/carta-de-demanda-del-condado-de-cleveland\/\",\"url\":\"http:\/\/www.acluofnorthcarolina.org\/es\/carta-de-demanda-del-condado-de-cleveland\/\",\"name\":\"Carta de demanda del condado de Cleveland - ACLU of North Carolina\",\"isPartOf\":{\"@id\":\"https:\/\/www.acluofnorthcarolina.org\/#website\"},\"datePublished\":\"2024-12-05T20:45:00+00:00\",\"inLanguage\":\"es-ES\",\"potentialAction\":[{\"@type\":\"ReadAction\",\"target\":[\"http:\/\/www.acluofnorthcarolina.org\/es\/carta-de-demanda-del-condado-de-cleveland\/\"]}]},{\"@type\":\"WebSite\",\"@id\":\"https:\/\/www.acluofnorthcarolina.org\/#website\",\"url\":\"https:\/\/www.acluofnorthcarolina.org\/\",\"name\":\"ACLU of North Carolina\",\"description\":\"\",\"publisher\":{\"@id\":\"https:\/\/www.acluofnorthcarolina.org\/#organization\"},\"potentialAction\":[{\"@type\":\"SearchAction\",\"target\":{\"@type\":\"EntryPoint\",\"urlTemplate\":\"https:\/\/www.acluofnorthcarolina.org\/?s={search_term_string}\"},\"query-input\":{\"@type\":\"PropertyValueSpecification\",\"valueRequired\":true,\"valueName\":\"search_term_string\"}}],\"inLanguage\":\"es-ES\"},{\"@type\":\"Organization\",\"@id\":\"https:\/\/www.acluofnorthcarolina.org\/#organization\",\"name\":\"ACLU of North Carolina\",\"url\":\"https:\/\/www.acluofnorthcarolina.org\/\",\"logo\":{\"@type\":\"ImageObject\",\"inLanguage\":\"es-ES\",\"@id\":\"https:\/\/www.acluofnorthcarolina.org\/#\/schema\/logo\/image\/\",\"url\":\"https:\/\/www.acluofnorthcarolina.org\/app\/uploads\/2025\/08\/ACLU-NorthCarolina_Color-Logo_RGB.png\",\"contentUrl\":\"https:\/\/www.acluofnorthcarolina.org\/app\/uploads\/2025\/08\/ACLU-NorthCarolina_Color-Logo_RGB.png\",\"width\":1061,\"height\":575,\"caption\":\"ACLU of North Carolina\"},\"image\":{\"@id\":\"https:\/\/www.acluofnorthcarolina.org\/#\/schema\/logo\/image\/\"}}]}<\/script>\n<!-- \/ Yoast SEO plugin. -->","yoast_head_json":{"title":"Carta de demanda del condado de Cleveland - ACLU of North Carolina","robots":{"index":"index","follow":"follow","max-snippet":"max-snippet:-1","max-image-preview":"max-image-preview:large","max-video-preview":"max-video-preview:-1"},"canonical":"http:\/\/www.acluofnorthcarolina.org\/es\/carta-de-demanda-del-condado-de-cleveland\/","og_locale":"es_ES","og_type":"article","og_title":"Carta de demanda del condado de Cleveland - ACLU of North Carolina","og_description":"Una escuela del condado de Cleveland prohibi\u00f3 a un grupo de estudiantes jugar a un juego de preguntas y respuestas de tem\u00e1tica LGBTQ, por considerar que la actividad era \"delicada\", aunque ninguna informaci\u00f3n fuera inapropiada.&nbsp; Sostenemos que sus acciones violan la Primera Enmienda y la Ley de Igualdad de Acceso. Enviamos una carta al consejo [&hellip;]","og_url":"https:\/\/www.acluofnorthcarolina.org\/es\/carta-de-demanda-del-condado-de-cleveland\/","og_site_name":"ACLU of North Carolina","og_image":[{"url":"https:\/\/www.acluofnorthcarolina.org\/app\/themes\/aclu-parent\/img\/default_fb_share.jpg","type":"","width":"","height":""}],"twitter_card":"summary_large_image","schema":{"@context":"https:\/\/schema.org","@graph":[{"@type":"WebPage","@id":"http:\/\/www.acluofnorthcarolina.org\/es\/carta-de-demanda-del-condado-de-cleveland\/","url":"http:\/\/www.acluofnorthcarolina.org\/es\/carta-de-demanda-del-condado-de-cleveland\/","name":"Carta de demanda del condado de Cleveland - ACLU of North Carolina","isPartOf":{"@id":"https:\/\/www.acluofnorthcarolina.org\/#website"},"datePublished":"2024-12-05T20:45:00+00:00","inLanguage":"es-ES","potentialAction":[{"@type":"ReadAction","target":["http:\/\/www.acluofnorthcarolina.org\/es\/carta-de-demanda-del-condado-de-cleveland\/"]}]},{"@type":"WebSite","@id":"https:\/\/www.acluofnorthcarolina.org\/#website","url":"https:\/\/www.acluofnorthcarolina.org\/","name":"ACLU of North Carolina","description":"","publisher":{"@id":"https:\/\/www.acluofnorthcarolina.org\/#organization"},"potentialAction":[{"@type":"SearchAction","target":{"@type":"EntryPoint","urlTemplate":"https:\/\/www.acluofnorthcarolina.org\/?s={search_term_string}"},"query-input":{"@type":"PropertyValueSpecification","valueRequired":true,"valueName":"search_term_string"}}],"inLanguage":"es-ES"},{"@type":"Organization","@id":"https:\/\/www.acluofnorthcarolina.org\/#organization","name":"ACLU of North Carolina","url":"https:\/\/www.acluofnorthcarolina.org\/","logo":{"@type":"ImageObject","inLanguage":"es-ES","@id":"https:\/\/www.acluofnorthcarolina.org\/#\/schema\/logo\/image\/","url":"https:\/\/www.acluofnorthcarolina.org\/app\/uploads\/2025\/08\/ACLU-NorthCarolina_Color-Logo_RGB.png","contentUrl":"https:\/\/www.acluofnorthcarolina.org\/app\/uploads\/2025\/08\/ACLU-NorthCarolina_Color-Logo_RGB.png","width":1061,"height":575,"caption":"ACLU of North Carolina"},"image":{"@id":"https:\/\/www.acluofnorthcarolina.org\/#\/schema\/logo\/image\/"}}]}},"distributor_meta":false,"distributor_terms":false,"distributor_media":false,"distributor_original_site_name":"ACLU of North Carolina","distributor_original_site_url":"https:\/\/www.acluofnorthcarolina.org\/es\/","push-errors":false,"_links":{"self":[{"href":"https:\/\/www.acluofnorthcarolina.org\/es\/wp-json\/wp\/v2\/pages\/6970","targetHints":{"allow":["GET"]}}],"collection":[{"href":"https:\/\/www.acluofnorthcarolina.org\/es\/wp-json\/wp\/v2\/pages"}],"about":[{"href":"https:\/\/www.acluofnorthcarolina.org\/es\/wp-json\/wp\/v2\/types\/page"}],"author":[{"embeddable":true,"href":"https:\/\/www.acluofnorthcarolina.org\/es\/wp-json\/wp\/v2\/users\/9"}],"replies":[{"embeddable":true,"href":"https:\/\/www.acluofnorthcarolina.org\/es\/wp-json\/wp\/v2\/comments?post=6970"}],"version-history":[{"count":0,"href":"https:\/\/www.acluofnorthcarolina.org\/es\/wp-json\/wp\/v2\/pages\/6970\/revisions"}],"acf:post":[{"embeddable":true,"href":"https:\/\/www.acluofnorthcarolina.org\/es\/wp-json\/wp\/v2\/press_release\/4903"},{"embeddable":true,"href":"https:\/\/www.acluofnorthcarolina.org\/es\/wp-json\/wp\/v2\/issue\/3634"},{"embeddable":true,"href":"https:\/\/www.acluofnorthcarolina.org\/es\/wp-json\/wp\/v2\/issue\/3613"},{"embeddable":true,"href":"https:\/\/www.acluofnorthcarolina.org\/es\/wp-json\/wp\/v2\/issue\/3610"}],"wp:attachment":[{"href":"https:\/\/www.acluofnorthcarolina.org\/es\/wp-json\/wp\/v2\/media?parent=6970"}],"curies":[{"name":"wp","href":"https:\/\/api.w.org\/{rel}","templated":true}]}}